{"id":412,"date":"2022-01-18T10:35:37","date_gmt":"2022-01-18T10:35:37","guid":{"rendered":"https:\/\/vankikirecords.com\/privacidad-y-cookies\/"},"modified":"2022-11-12T22:28:43","modified_gmt":"2022-11-12T22:28:43","slug":"privacidad-y-cookies","status":"publish","type":"page","link":"https:\/\/vankikirecords.com\/ca\/privacidad-y-cookies\/","title":{"rendered":"Privacitat i cookies"},"content":{"rendered":"<h2>Av\u00eds legal<\/h2>\n<p><strong>Identificaci\u00f3 del titular d\u2019acord amb la llei 34\/2002<\/strong><br \/>\nEl domini vankikirecords.com \u00e9s propietat de VANKIKI MUSIC S.L. (en endavant, Vankiki Records), amb NIF B04997334.<br \/>\nEmail: info@vankikirecords.com<\/p>\n<p><strong>\u00das i funcionament de la web<\/strong><br \/>\nLes p\u00e0gines de la web vankikirecords.com s\u00f3n d\u2019acc\u00e9s p\u00fablic, lliure i gratu\u00eft, i els seus continguts s\u00f3n merament informatius i divulgatius. L\u2019acc\u00e9s no implica per si mateix l\u2019establiment de cap relaci\u00f3 comercial entre Vankiki Records i l\u2019usuari.<\/p>\n<p>L\u2019usuari haur\u00e0 de fer \u00fas de la web de conformitat amb el present av\u00eds legal, la llei i l\u2019ordre p\u00fablic. Per aix\u00f2, el titular d\u2019aquesta web no podr\u00e0 assumir cap responsabilitat derivada de l\u2019\u00fas indegut, incorrecte o il\u00b7l\u00edcit de la web i\/o del seu contingut, aix\u00ed com per fraus de suplantaci\u00f3 del nom de domini o altres de natura similar.<\/p>\n<p>Amb la finalitat exclusiva d\u2019oferir un millor servei i facilitar l\u2019\u00fas d\u2019aquesta p\u00e0gina web, el prove\u00efdor de serveis de Hosting Web podr\u00e0 elaborar una s\u00e8rie de dades estad\u00edstiques relatives al nombre de p\u00e0gines visitades, aix\u00ed com als patrons d\u2019activitat dels visitants, navegador utilitzat i pa\u00eds de proced\u00e8ncia, dades que mai no faran identificable l\u2019usuari.<\/p>\n<p>Vankiki Records \u00e9s titular de tots els drets de propietat industrial i intel\u00b7lectual d\u2019aquesta p\u00e0gina web i dels elements que cont\u00e9, incloent-hi els textos, gr\u00e0fics, logotips i imatges, excepte els que pertanyen als seus artistes. L\u2019usuari es compromet a no utilitzar, reproduir, transmetre o difondre de cap manera el material objecte d\u2019aquests drets de propietat intel\u00b7lectual i industrial sense el consentiment previ i escrit de Vankiki Records.<\/p>\n<p>Aquesta p\u00e0gina web podr\u00e0 oferir links a recursos o llocs d\u2019internet aliens a la web. La finalitat d\u2019aquests enlla\u00e7os \u00e9s informativa i no constitueix en cap cas una invitaci\u00f3 a la contractaci\u00f3 de productes o serveis que s\u2019ofereixin en la web de destinaci\u00f3. Per aix\u00f2, Vankiki Records declina tota responsabilitat derivada d\u2019accions o omissions comeses per aquests llocs web, amb total independ\u00e8ncia i autonomia respecte d\u2019ells.<\/p>\n<p>&nbsp;<\/p>\n<h2>Pol\u00edtica de privacitat<\/h2>\n<p><strong>Responsable de tractament<\/strong><\/p>\n<p>Vankiki Records, amb NIF B04997334 i domicili social a Barcelona, \u00e9s la responsable de tractament de les dades personals que reculli.<br \/>\nPot contactar amb nosaltres a l\u2019adre\u00e7a info@vankikirecords.com.<\/p>\n<p>A la web de Vankiki Records tractem la informaci\u00f3 que ens faciliten les persones interessades amb la finalitat de millorar els nostres serveis i facilitar-ne l\u2019acc\u00e9s, millorar la usabilitat d\u2019aquesta p\u00e0gina i gestionar l\u2019enviament de la informaci\u00f3 que ens sol\u00b7licitin.<\/p>\n<p>Vankiki Records es compromet a utilitzar les dades personals que reculli d\u2019acord amb all\u00f2 disposat al Reglament General Europeu de Protecci\u00f3 de Dades (RGPD) i al desenvolupament normatiu que se\u2019n derivi.<br \/>\nLes seves dades personals s\u2019utilitzaran sempre per a fins determinats, expl\u00edcits i leg\u00edtims.<\/p>\n<p>Quan se\u2019n projecti un tractament ulterior diferent al que va motivar la seva recollida i als que es realitzin per fins d\u2019arxiu en inter\u00e8s p\u00fablic, recerca cient\u00edfica i hist\u00f2rica o estad\u00edstica, se li comunicar\u00e0 la suficient informaci\u00f3 per obtenir de nou el seu consentiment, abans de realitzar qualsevol operaci\u00f3 amb les seves dades.<br \/>\nTamb\u00e9 se li informar\u00e0 de l\u2019exist\u00e8ncia de decisions automatitzades quan es produeixin, inclosa l\u2019elaboraci\u00f3 de perfils.<\/p>\n<p>&nbsp;<\/p>\n<p><strong>Drets<\/strong><\/p>\n<p>Vankiki Records facilita als interessats l\u2019exercici de la seva autodeterminaci\u00f3 informativa, \u00e9s a dir, a fer valer els seus drets leg\u00edtims en relaci\u00f3 a les dades personals pr\u00f2pies:<\/p>\n<ul>\n<li><strong>Acc\u00e9s<\/strong>: Tenir confirmaci\u00f3 sobre si s\u2019estan tractant les seves dades i, en aquest cas, accedir al contingut d\u2019aquestes i obtenir-ne una c\u00f2pia, aix\u00ed com accedir a la informaci\u00f3 que sobre els tractaments preveu l\u2019article 15 del RGPD.<\/li>\n<li><strong>Rectificaci\u00f3<\/strong>: Obtenir sense dilaci\u00f3 indeguda la rectificaci\u00f3 de les dades personals inexactes que li concerneixin, aix\u00ed com de completar les que estiguin incompletes.<\/li>\n<li><strong>Supressi\u00f3<\/strong>: Obtenir l\u2019eliminaci\u00f3 completa de les seves dades en el moment que ho requereixi, sempre que aix\u00f2 sigui possible conforme a les obligacions legals de Vankiki Records i, en general, en els sup\u00f2sits que estableix l\u2019article 17 del RGPD.<\/li>\n<li><strong>Limitaci\u00f3 del tractament<\/strong>: Obtenir que Vankiki Records limiti el tractament de les seves dades personals en els casos que estableix l\u2019article 27 del RGPD.<\/li>\n<li><strong>Portabilitat de dades<\/strong>: Quan les dades personals es processin de manera automatitzada, obtenir de Vankiki Records una c\u00f2pia de les mateixes, en format estructurat, en formats oberts i de lectura mec\u00e0nica.<\/li>\n<li><strong>Oposici\u00f3<\/strong>: Oposar-se en qualsevol moment a la continuaci\u00f3 dels tractaments que Vankiki Records realitzi de les seves dades, especialment als tractaments de mercadot\u00e8cnia.<\/li>\n<\/ul>\n<p>L\u2019exercici d\u2019aquests drets \u00e9s per norma general gratu\u00eft, excepte en els casos en qu\u00e8 es formulin sol\u00b7licituds manifestament infundades o excessives, especialment per repetitives.<br \/>\nEl canal principal per comunicar la seva voluntat d\u2019exercir els seus drets \u00e9s l\u2019adre\u00e7a electr\u00f2nica info@vankikirecords.com.<br \/>\nVankiki Records podr\u00e0 exigir l\u2019acreditaci\u00f3 de la seva identitat en els casos en qu\u00e8 es determini necessari.<br \/>\nVankiki Records, com a entitat privada, est\u00e0 subjecta a la fiscalitzaci\u00f3 de l\u2019Autoritat Espanyola de Protecci\u00f3 de Dades, a qui pot adre\u00e7ar les seves reclamacions.<\/p>\n<h2><\/h2>\n<h2>Pol\u00edtica de cookies<\/h2>\n<p>Una &#8220;Cookie&#8221; \u00e9s un petit arxiu que s\u2019emmagatzema a l\u2019ordinador de l\u2019usuari i ens permet recon\u00e8ixer-lo. El conjunt de &#8220;cookies&#8221; ens ajuda a millorar la qualitat del nostre web, permetent-nos controlar quines p\u00e0gines s\u00f3n \u00fatils per als nostres usuaris i quines no.<\/p>\n<p>Les cookies s\u00f3n essencials per al funcionament d\u2019internet, aportant innumerables avantatges en la prestaci\u00f3 de serveis interactius, facilitant-li la navegaci\u00f3 i operativitat del nostre lloc web. Tingui en compte que les cookies no poden espatllar el seu equip i que, a canvi, el fet que estiguin activades ens ajuda a identificar i resoldre els errors.<br \/>\nLa informaci\u00f3 que li proporcionem a continuaci\u00f3, l\u2019ajudar\u00e0 a comprendre els diferents tipus de cookies:<\/p>\n<p><strong>Cookies de sessi\u00f3<\/strong>: s\u00f3n cookies temporals que romanen a l\u2019arxiu de cookies del seu navegador fins al moment en qu\u00e8 abandona el lloc web, pel que cap d\u2019aquestes queda registrada al disc dur de l\u2019usuari. La informaci\u00f3 obtinguda per mitj\u00e0 d\u2019aquestes cookies, serveixen per analitzar pautes de tr\u00e0nsit al web. A la llarga, aquest fet ens permet proporcionar una millor experi\u00e8ncia per a millorar el contingut i facilitant-ne el seu \u00fas.<\/p>\n<p><strong>Cookies permanents<\/strong>: s\u00f3n emmagatzemades al disc dur i el nostre web les llegeix cada cop que vost\u00e8 torna a visitar-lo. Aquestes cookies compten amb una data d\u2019expiraci\u00f3 determinada despr\u00e9s de la qual deixar\u00e0 de funcionar.<\/p>\n<p>A continuaci\u00f3 publiquem una relaci\u00f3 de les principals cookies utilitzades al nostre Web, distingint:<br \/>\nLes <strong>cookies estrictament necess\u00e0ries<\/strong> com per exemple, aquelles que serveixen per a una correcta navegaci\u00f3 o les que permeten realitzar serveis sol\u00b7licitats per l\u2019usuari o cookies que serveixen per a garantir que el contingut del lloc web es carrega efica\u00e7ment.<br \/>\nLes <strong>cookies de tercers<\/strong> com per exemple, les utilitzades per xarxes socials, o per complements externs de contingut.<br \/>\nLes cookies anal\u00edtiques compilen dades estad\u00edstiques de l\u2019activitat amb prop\u00f2sits de manteniment peri\u00f2dic i amb l\u2019objectiu de garantir el millor servei possible a l\u2019usuari.<\/p>\n<p>&nbsp;<\/p>\n<p><strong>Garanties complement\u00e0ries \u2013 Gesti\u00f3 de cookies:<\/strong><br \/>\nCom a garantia complement\u00e0ria a les anteriorment descrites, el registre de les cookies podr\u00e0 estar subjecte a la seva acceptaci\u00f3 durant la instal\u00b7laci\u00f3 o posada al dia del navegador emprat. Aquesta acceptaci\u00f3 pot en todo moment ser revocada mitjan\u00e7ant les opcions de configuraci\u00f3 de continguts i privacitat disponibles. Molts navegadors permeten activar un mode privat mitjan\u00e7ant el qual les cookies s\u2019esborren sempre despr\u00e9s de la seva visita. Depenent de cada navegador, aquest mode privat pot tenir diferents noms.<\/p>\n<p>&nbsp;<\/p>\n","protected":false},"excerpt":{"rendered":"<p>Av\u00eds legal Identificaci\u00f3 del titular d\u2019acord amb la llei 34\/2002 El domini vankikirecords.com \u00e9s propietat de VANKIKI MUSIC S.L. (en endavant, Vankiki Records), amb NIF B04997334. Email: info@vankikirecords.com \u00das i funcionament de la web Les p\u00e0gines de la web vankikirecords.com s\u00f3n d\u2019acc\u00e9s p\u00fablic, lliure i gratu\u00eft, i els seus continguts s\u00f3n merament informatius i divulgatius. [&hellip;]<\/p>\n","protected":false},"author":3,"featured_media":0,"parent":0,"menu_order":20,"comment_status":"closed","ping_status":"closed","template":"page-legal.php","meta":{"inline_featured_image":false,"footnotes":""},"class_list":["post-412","page","type-page","status-publish","hentry"],"acf":[],"_links":{"self":[{"href":"https:\/\/vankikirecords.com\/ca\/wp-json\/wp\/v2\/pages\/412","targetHints":{"allow":["GET"]}}],"collection":[{"href":"https:\/\/vankikirecords.com\/ca\/wp-json\/wp\/v2\/pages"}],"about":[{"href":"https:\/\/vankikirecords.com\/ca\/wp-json\/wp\/v2\/types\/page"}],"author":[{"embeddable":true,"href":"https:\/\/vankikirecords.com\/ca\/wp-json\/wp\/v2\/users\/3"}],"replies":[{"embeddable":true,"href":"https:\/\/vankikirecords.com\/ca\/wp-json\/wp\/v2\/comments?post=412"}],"version-history":[{"count":7,"href":"https:\/\/vankikirecords.com\/ca\/wp-json\/wp\/v2\/pages\/412\/revisions"}],"predecessor-version":[{"id":586,"href":"https:\/\/vankikirecords.com\/ca\/wp-json\/wp\/v2\/pages\/412\/revisions\/586"}],"wp:attachment":[{"href":"https:\/\/vankikirecords.com\/ca\/wp-json\/wp\/v2\/media?parent=412"}],"curies":[{"name":"wp","href":"https:\/\/api.w.org\/{rel}","templated":true}]}}