{"id":566,"date":"2022-07-15T08:16:34","date_gmt":"2022-07-15T08:16:34","guid":{"rendered":"https:\/\/vankikirecords.com\/producto\/like-kerosene-vinilo\/"},"modified":"2022-11-12T19:59:17","modified_gmt":"2022-11-12T19:59:17","slug":"like-kerosene-vinilo","status":"publish","type":"product","link":"https:\/\/vankikirecords.com\/ca\/producto\/like-kerosene-vinilo\/","title":{"rendered":"Like Kerosene &#8211; Vinil"},"content":{"rendered":"","protected":false},"excerpt":{"rendered":"<p>\u201cLike Kerosene\u201d (2021), EP Edici\u00f3 Limitada (nom\u00e9s 300 c\u00f2pies) de Terrorists of Romance (format Vinil).<\/p>\n","protected":false},"featured_media":597,"comment_status":"closed","ping_status":"closed","template":"","meta":{"inline_featured_image":false},"product_cat":[58],"product_tag":[45,46,47,48,37,38,49],"class_list":{"0":"post-566","1":"product","2":"type-product","3":"status-publish","4":"has-post-thumbnail","6":"product_cat-terrorists-of-romance","7":"product_tag-album","8":"product_tag-disco","9":"product_tag-ep","10":"product_tag-like-kerosene","11":"product_tag-terrorists-of-romance","12":"product_tag-tor","13":"product_tag-vinilo","15":"first","16":"instock","17":"taxable","18":"shipping-taxable","19":"purchasable","20":"product-type-simple"},"acf":[],"_links":{"self":[{"href":"https:\/\/vankikirecords.com\/ca\/wp-json\/wp\/v2\/product\/566","targetHints":{"allow":["GET"]}}],"collection":[{"href":"https:\/\/vankikirecords.com\/ca\/wp-json\/wp\/v2\/product"}],"about":[{"href":"https:\/\/vankikirecords.com\/ca\/wp-json\/wp\/v2\/types\/product"}],"replies":[{"embeddable":true,"href":"https:\/\/vankikirecords.com\/ca\/wp-json\/wp\/v2\/comments?post=566"}],"wp:featuredmedia":[{"embeddable":true,"href":"https:\/\/vankikirecords.com\/ca\/wp-json\/wp\/v2\/media\/597"}],"wp:attachment":[{"href":"https:\/\/vankikirecords.com\/ca\/wp-json\/wp\/v2\/media?parent=566"}],"wp:term":[{"taxonomy":"product_cat","embeddable":true,"href":"https:\/\/vankikirecords.com\/ca\/wp-json\/wp\/v2\/product_cat?post=566"},{"taxonomy":"product_tag","embeddable":true,"href":"https:\/\/vankikirecords.com\/ca\/wp-json\/wp\/v2\/product_tag?post=566"}],"curies":[{"name":"wp","href":"https:\/\/api.w.org\/{rel}","templated":true}]}}