{"id":952,"date":"2024-01-02T12:23:39","date_gmt":"2024-01-02T12:23:39","guid":{"rendered":"https:\/\/vankikirecords.com\/?post_type=product&#038;p=952"},"modified":"2024-08-09T20:23:38","modified_gmt":"2024-08-09T20:23:38","slug":"reina-de-cristal-vinilo","status":"publish","type":"product","link":"https:\/\/vankikirecords.com\/en\/producto\/reina-de-cristal-vinilo\/","title":{"rendered":"REINA DE CRISTAL &#8211; VINILO"},"content":{"rendered":"<p>Segundo \u00e1lbum de Adelyne. 12 temas llenos de emoci\u00f3n y energ\u00eda en formato VINILO!<br \/>\nDise\u00f1ado por Cristina Reina, contiene un librito con letras dentro.<\/p>\n<p>Incluye:<\/p>\n<p>1. kintsugi (introducci\u00f3n)<br \/>\n2. ENGANCHADA<br \/>\n3. FAKE IT<br \/>\n4. coraza<br \/>\n5. a veces<br \/>\n6. POES\u00cdA CARNAL<br \/>\n7. DESV\u00cdSTETE<br \/>\n8. est\u00e1 bien no estar bien (nudo)<br \/>\n9. REINA<br \/>\n10.hasta la mM\u00e9dula<br \/>\n11.RECORDES&#8230;?<br \/>\n12.CENIZAS (desenlace)<\/p>\n","protected":false},"excerpt":{"rendered":"<p>Segundo \u00e1lbum de Adelyne. 12 temas llenos de emoci\u00f3n y energ\u00eda en formato VINILO!<\/p>\n","protected":false},"featured_media":953,"comment_status":"open","ping_status":"closed","template":"","meta":{"inline_featured_image":false},"product_cat":[28],"product_tag":[],"class_list":{"0":"post-952","1":"product","2":"type-product","3":"status-publish","4":"has-post-thumbnail","6":"product_cat-sin-categorizar","8":"first","9":"instock","10":"taxable","11":"shipping-taxable","12":"purchasable","13":"product-type-simple"},"acf":[],"_links":{"self":[{"href":"https:\/\/vankikirecords.com\/en\/wp-json\/wp\/v2\/product\/952","targetHints":{"allow":["GET"]}}],"collection":[{"href":"https:\/\/vankikirecords.com\/en\/wp-json\/wp\/v2\/product"}],"about":[{"href":"https:\/\/vankikirecords.com\/en\/wp-json\/wp\/v2\/types\/product"}],"replies":[{"embeddable":true,"href":"https:\/\/vankikirecords.com\/en\/wp-json\/wp\/v2\/comments?post=952"}],"wp:featuredmedia":[{"embeddable":true,"href":"https:\/\/vankikirecords.com\/en\/wp-json\/wp\/v2\/media\/953"}],"wp:attachment":[{"href":"https:\/\/vankikirecords.com\/en\/wp-json\/wp\/v2\/media?parent=952"}],"wp:term":[{"taxonomy":"product_cat","embeddable":true,"href":"https:\/\/vankikirecords.com\/en\/wp-json\/wp\/v2\/product_cat?post=952"},{"taxonomy":"product_tag","embeddable":true,"href":"https:\/\/vankikirecords.com\/en\/wp-json\/wp\/v2\/product_tag?post=952"}],"curies":[{"name":"wp","href":"https:\/\/api.w.org\/{rel}","templated":true}]}}